{"id":159,"date":"2025-10-22T10:49:31","date_gmt":"2025-10-22T10:49:31","guid":{"rendered":"https:\/\/novademo.store\/?page_id=159"},"modified":"2025-10-22T10:49:31","modified_gmt":"2025-10-22T10:49:31","slug":"gizlilik-politikasi","status":"publish","type":"page","link":"http:\/\/www.yedekleme.site\/btev\/gizlilik-politikasi\/","title":{"rendered":"Gizlilik Politikas\u0131"},"content":{"rendered":"<p>K.V.K.K. Kapsam\u0131nda Ayd\u0131nlatma Metni<\/p>\n<p>K\u0130\u015e\u0130SEL VER\u0130LER\u0130N KORUNMASI KANUNU KAPSAMINDA<\/p>\n<p>AYDINLATMA METN\u0130.<\/p>\n<p>Veri Sorumlusu:<\/p>\n<p>BT EV \u00dcR\u00dcNLER\u0130 T\u0130CARET L\u0130M\u0130TED \u015e\u0130RKET\u0130<\/p>\n<p>ADRES\u0130 : MAHMUTBEY MAH. 2413 SOK. \u00d6KS\u00dcZO\u011eULLARI PLAZA S\u0130TES\u0130 E1 BLOK NO:5<\/p>\n<p>\u0130\u00c7 KAPI NO:73 BA\u011eCILAR \u0130STANBUL<\/p>\n<p>T\u0130CARET S\u0130C\u0130L\u0130 M\u00dcD\u00dcRL\u00dc\u011e\u00dc : \u0130STANBUL T\u0130CARET S\u0130C\u0130L\u0130 M\u00dcD\u00dcRL\u00dc\u011e\u00dc<\/p>\n<p>T\u0130CARET S\u0130C\u0130L\u0130 NUMARASI : 1104896<\/p>\n<p>MERS\u0130S NUMARASI : 01871747666<\/p>\n<p>TELEFON : 0 532 246 13 43<\/p>\n<p>KEP ADRES\u0130 :<\/p>\n<p>\u0130\u015f bu Ayd\u0131nlatma metni ile 6698 say\u0131l\u0131 Ki\u015fisel Verilerin Korunmas\u0131 Kanunu uyar\u0131nca, ki\u015fisel verilerinizin i\u015flenmesi hususunda, Veri Sorumlusu s\u0131fat\u0131yla sizleri bilgilendirmek istiyoruz.<\/p>\n<p>BT EV \u00dcR\u00dcNLER\u0130 T\u0130CARET L\u0130M\u0130TED \u015e\u0130RKET\u0130 olarak ki\u015fisel verilerinizin korunmas\u0131 bizim i\u00e7in \u00f6nemli ve \u00f6nceliklidir. Amac\u0131m\u0131z, sizlerin memnuniyeti do\u011frultusunda, ki\u015fisel verilerinizin toplanma y\u00f6ntemi, i\u015flenme ama\u00e7lar\u0131, hukuki nedenleri, aktar\u0131lmas\u0131, imha edilmesi, yasal haklar\u0131n\u0131z ve sair hususlarda en a\u00e7\u0131k \u015fekilde bilgilendirilmenizin sa\u011flanmas\u0131d\u0131r.<\/p>\n<p>BT EV \u00dcR\u00dcNLER\u0130 T\u0130CARET L\u0130M\u0130TED \u015e\u0130RKET\u0130 olarak, veri sorumlusu s\u0131fat\u0131yla, \u015eirketimizle payla\u015ft\u0131\u011f\u0131n\u0131z ki\u015fisel verileriniz, yasal mevzuat taraf\u0131ndan belirlenen ve i\u015f bu metinde a\u00e7\u0131klanan \u00e7er\u00e7evede kullan\u0131lmak, kaydedilmek, saklanmak, g\u00fcncellenmek ve\/veya aktar\u0131lmak suretiyle i\u015flenecektir.<\/p>\n<p>\u015eirketimiz, veri sorumlusu olarak 6698 say\u0131l\u0131 Ki\u015fisel Verilerin Korunmas\u0131 Kanunu ba\u015fta olmak \u00fczere; bu Kanuna dayan\u0131larak \u00e7\u0131kar\u0131lan Y\u00f6netmelikler, Ki\u015fisel Verileri Korunma Kurumu Tebli\u011fleri, Kurul Kararlar\u0131 ve sair ilgili mevzuat h\u00fck\u00fcmleri gere\u011fince; ki\u015fisel verilerinizin hukuka ayk\u0131r\u0131 olarak i\u015flenmesini \u00f6nleme, hukuka ayk\u0131r\u0131 olarak eri\u015filmesini \u00f6nleme ve muhafazas\u0131n\u0131 sa\u011flama amac\u0131yla, uygun g\u00fcvenlik d\u00fczeyini temin etmeye y\u00f6nelik t\u00fcm teknik ve idari tedbirleri almaktad\u0131r.<\/p>\n<p>\u015eirketimiz, ki\u015fisel verilerinizin i\u015flenmesinde; hukuka ve d\u00fcr\u00fcstl\u00fck kurallar\u0131na uygun olma, do\u011fru ve gerekti\u011finde g\u00fcncel olma, belirli a\u00e7\u0131k ve me\u015fru ama\u00e7lar i\u00e7in i\u015flenme, i\u015flendikleri ama\u00e7la ba\u011flant\u0131l\u0131 s\u0131n\u0131rl\u0131 ve \u00f6l\u00e7\u00fcl\u00fc olma, ilgili mevzuatta \u00f6ng\u00f6r\u00fclen veya i\u015flendikleri ama\u00e7 i\u00e7in gerekli olan s\u00fcre kadar muhafaza edilme ilkeleri do\u011frultusunda hareket etmektedir.<\/p>\n<p>Ki\u015fisel verileriniz Ki\u015fisel Verilerin Korunmas\u0131 Kanununda yer alan d\u00fczenlemeler do\u011frultusunda; kanunlarda a\u00e7\u0131k\u00e7a \u00f6ng\u00f6r\u00fclen hallerde, bir s\u00f6zle\u015fmenin kurulmas\u0131 veya ifas\u0131yla do\u011frudan do\u011fruya ilgili olan hallerde, s\u00f6zle\u015fmenin taraflar\u0131na ait ki\u015fisel verilerin i\u015flenmesinin gerekli oldu\u011fu hallerde, veri sorumlusu olarak \u015eirketimizin hukuki y\u00fck\u00fcml\u00fcl\u00fc\u011f\u00fcn\u00fcn yerine getirilebilmesi i\u00e7in zorunlu olan hallerde, veri sahibi ki\u015fi taraf\u0131ndan verilerinin alenile\u015ftirildi\u011fi hallerde, bir hakk\u0131n tesisi, kullan\u0131lmas\u0131 veya korunmas\u0131 i\u00e7in veri i\u015flemenin zorunlu oldu\u011fu hallerde ve veri sahibinin temel hak ve \u00f6zg\u00fcrl\u00fcklerine zarar vermemek kayd\u0131yla, veri sorumlusu olan \u015eirketimizin me\u015fru menfaatleri i\u00e7in veri i\u015flenmesinin zorunlu oldu\u011fu hallerde, a\u00e7\u0131k r\u0131za aranmaks\u0131z\u0131n i\u015flenmektedir.<\/p>\n<p>\u0130\u015f bu Ayd\u0131nlatma Metni\u2019 ne y\u00f6nelik soru ve g\u00f6r\u00fc\u015flerinizi, ileti\u015fim adreslerimizden bizlere her zaman iletebilirsiniz.<\/p>\n<p>\u0130\u015f bu Ayd\u0131nlatma Metni, \u015eirketimiz taraf\u0131ndan ki\u015fisel verileri i\u015flenen t\u00fcm ger\u00e7ek ki\u015filere y\u00f6neliktir.<\/p>\n<p>S\u0130ZE EN UYGUN OLAN VER\u0130 KONUSU K\u0130\u015e\u0130 GRUBUNU SE\u00c7EREK,<\/p>\n<p>AYDINLATMA METN\u0130\u2019 NE ULA\u015eAB\u0130L\u0130RS\u0130N\u0130Z.<\/p>\n<p>VER\u0130 KONUSU K\u0130\u015e\u0130 GRUPLARI.<\/p>\n<p>&nbsp;<\/p>\n","protected":false},"excerpt":{"rendered":"<p>K.V.K.K. Kapsam\u0131nda Ayd\u0131nlatma Metni K\u0130\u015e\u0130SEL VER\u0130LER\u0130N KORUNMASI KANUNU KAPSAMINDA AYDINLATMA METN\u0130. Veri Sorumlusu: BT EV \u00dcR\u00dcNLER\u0130 T\u0130CARET L\u0130M\u0130TED \u015e\u0130RKET\u0130 ADRES\u0130 : MAHMUTBEY MAH. 2413 SOK. \u00d6KS\u00dcZO\u011eULLARI PLAZA S\u0130TES\u0130 E1 BLOK NO:5 \u0130\u00c7 KAPI NO:73 BA\u011eCILAR \u0130STANBUL T\u0130CARET S\u0130C\u0130L\u0130 M\u00dcD\u00dcRL\u00dc\u011e\u00dc : \u0130STANBUL T\u0130CARET S\u0130C\u0130L\u0130 M\u00dcD\u00dcRL\u00dc\u011e\u00dc T\u0130CARET S\u0130C\u0130L\u0130 NUMARASI : 1104896 MERS\u0130S NUMARASI : 01871747666 TELEFON :&#8230;<\/p>\n","protected":false},"author":1,"featured_media":0,"parent":0,"menu_order":0,"comment_status":"closed","ping_status":"closed","template":"","meta":{"footnotes":""},"class_list":["post-159","page","type-page","status-publish","hentry"],"_links":{"self":[{"href":"http:\/\/www.yedekleme.site\/btev\/wp-json\/wp\/v2\/pages\/159","targetHints":{"allow":["GET"]}}],"collection":[{"href":"http:\/\/www.yedekleme.site\/btev\/wp-json\/wp\/v2\/pages"}],"about":[{"href":"http:\/\/www.yedekleme.site\/btev\/wp-json\/wp\/v2\/types\/page"}],"author":[{"embeddable":true,"href":"http:\/\/www.yedekleme.site\/btev\/wp-json\/wp\/v2\/users\/1"}],"replies":[{"embeddable":true,"href":"http:\/\/www.yedekleme.site\/btev\/wp-json\/wp\/v2\/comments?post=159"}],"version-history":[{"count":0,"href":"http:\/\/www.yedekleme.site\/btev\/wp-json\/wp\/v2\/pages\/159\/revisions"}],"wp:attachment":[{"href":"http:\/\/www.yedekleme.site\/btev\/wp-json\/wp\/v2\/media?parent=159"}],"curies":[{"name":"wp","href":"https:\/\/api.w.org\/{rel}","templated":true}]}}