{"id":19,"date":"2025-10-20T08:34:55","date_gmt":"2025-10-20T08:34:55","guid":{"rendered":"https:\/\/shinepilatesstudio.com.tr\/?page_id=12"},"modified":"2025-10-31T06:42:29","modified_gmt":"2025-10-31T06:42:29","slug":"ana-sayfa","status":"publish","type":"page","link":"http:\/\/www.yedekleme.site\/btev\/","title":{"rendered":"ANA SAYFA"},"content":{"rendered":"<section class=\"l-section wpb_row height_auto\"><div class=\"l-section-h i-cf\"><div class=\"g-cols vc_row via_grid cols_1 laptops-cols_inherit tablets-cols_inherit mobiles-cols_1 valign_top type_default stacking_default\"><div class=\"wpb_column vc_column_container\"><div class=\"vc_column-inner\">\n\t\t\t\t<p class=\"rs-p-wp-fix\"><\/p>\n\t\t\t\t<sr7-module data-alias=\"slider-1\" data-id=\"1\" id=\"SR7_1_1\" class=\"rs-ov-hidden\" data-version=\"6.7.32\">\n\t\t\t\t\t<sr7-adjuster><\/sr7-adjuster>\n\t\t\t\t\t<sr7-content>\n\t\t\t\t\t\t<sr7-slide id=\"SR7_1_1-1\" data-key=\"1\">\n\t\t\t\t\t\t\t<sr7-bg id=\"SR7_1_1-1-1\" class=\"sr7-layer\"><noscript><img decoding=\"async\" src=\"http:\/\/www.yedekleme.site\/btev\/wp-content\/uploads\/revslider\/slider-1\/5-1.jpg\" alt=\"\" title=\"5-1.jpg\"><\/noscript><\/sr7-bg>\n\t\t\t\t\t\t<\/sr7-slide>\n\t\t\t\t\t\t<sr7-slide id=\"SR7_1_1-2\" data-key=\"2\">\n\t\t\t\t\t\t\t<sr7-bg id=\"SR7_1_1-2-1\" class=\"sr7-layer\"><noscript><img decoding=\"async\" src=\"http:\/\/www.yedekleme.site\/btev\/wp-content\/uploads\/revslider\/slider-1\/4-1.jpg\" alt=\"\" title=\"4-1.jpg\"><\/noscript><\/sr7-bg>\n\t\t\t\t\t\t<\/sr7-slide>\n\t\t\t\t\t\t<sr7-slide id=\"SR7_1_1-3\" data-key=\"3\">\n\t\t\t\t\t\t\t<sr7-bg id=\"SR7_1_1-3-1\" class=\"sr7-layer\"><noscript><img decoding=\"async\" src=\"http:\/\/www.yedekleme.site\/btev\/wp-content\/uploads\/revslider\/slider-1\/3-1.jpg\" alt=\"\" title=\"3-1.jpg\"><\/noscript><\/sr7-bg>\n\t\t\t\t\t\t<\/sr7-slide>\n\t\t\t\t\t\t<sr7-slide id=\"SR7_1_1-4\" data-key=\"4\">\n\t\t\t\t\t\t\t<sr7-bg id=\"SR7_1_1-4-1\" class=\"sr7-layer\"><noscript><img decoding=\"async\" src=\"http:\/\/www.yedekleme.site\/btev\/wp-content\/uploads\/revslider\/slider-1\/1-1.jpg\" alt=\"\" title=\"1-1.jpg\"><\/noscript><\/sr7-bg>\n\t\t\t\t\t\t<\/sr7-slide>\n\t\t\t\t\t\t<sr7-slide id=\"SR7_1_1-5\" data-key=\"5\">\n\t\t\t\t\t\t\t<sr7-bg id=\"SR7_1_1-5-1\" class=\"sr7-layer\"><noscript><img decoding=\"async\" src=\"http:\/\/www.yedekleme.site\/btev\/wp-content\/uploads\/revslider\/slider-1\/7.jpg\" alt=\"\" title=\"7.jpg\"><\/noscript><\/sr7-bg>\n\t\t\t\t\t\t<\/sr7-slide>\n\t\t\t\t\t\t<sr7-slide id=\"SR7_1_1-6\" data-key=\"6\">\n\t\t\t\t\t\t<\/sr7-slide>\n\t\t\t\t\t<\/sr7-content>\n\t\t\t\t\t<image_lists style=\"display:none\">\n\t\t\t\t\t\t<img data-src=\"\/\/www.yedekleme.site\/btev\/wp-content\/uploads\/revslider\/slider-1\/5-1.jpg\" data-libid=\"7\" data-lib=\"medialibrary\" title=\"5-1.jpg\" width=\"0\" height=\"0\" data-dbsrc=\"Ly93d3cueWVkZWtsZW1lLnNpdGUvYnRldi93cC1jb250ZW50L3VwbG9hZHMvcmV2c2xpZGVyL3NsaWRlci0xLzUtMS5qcGc=\"\/>\n\t\t\t\t\t\t<img data-src=\"\/\/www.yedekleme.site\/btev\/wp-content\/uploads\/revslider\/slider-1\/4-1.jpg\" data-libid=\"8\" data-lib=\"medialibrary\" title=\"4-1.jpg\" width=\"0\" height=\"0\" data-dbsrc=\"Ly93d3cueWVkZWtsZW1lLnNpdGUvYnRldi93cC1jb250ZW50L3VwbG9hZHMvcmV2c2xpZGVyL3NsaWRlci0xLzQtMS5qcGc=\"\/>\n\t\t\t\t\t\t<img data-src=\"\/\/www.yedekleme.site\/btev\/wp-content\/uploads\/revslider\/slider-1\/3-1.jpg\" data-libid=\"9\" data-lib=\"medialibrary\" title=\"3-1.jpg\" width=\"0\" height=\"0\" data-dbsrc=\"Ly93d3cueWVkZWtsZW1lLnNpdGUvYnRldi93cC1jb250ZW50L3VwbG9hZHMvcmV2c2xpZGVyL3NsaWRlci0xLzMtMS5qcGc=\"\/>\n\t\t\t\t\t\t<img data-src=\"\/\/www.yedekleme.site\/btev\/wp-content\/uploads\/revslider\/slider-1\/1-1.jpg\" data-libid=\"10\" data-lib=\"medialibrary\" title=\"1-1.jpg\" width=\"0\" height=\"0\" data-dbsrc=\"Ly93d3cueWVkZWtsZW1lLnNpdGUvYnRldi93cC1jb250ZW50L3VwbG9hZHMvcmV2c2xpZGVyL3NsaWRlci0xLzEtMS5qcGc=\"\/>\n\t\t\t\t\t\t<img data-src=\"\/\/www.yedekleme.site\/btev\/wp-content\/uploads\/revslider\/slider-1\/7.jpg\" data-libid=\"11\" data-lib=\"medialibrary\" title=\"7.jpg\" width=\"0\" height=\"0\" data-dbsrc=\"Ly93d3cueWVkZWtsZW1lLnNpdGUvYnRldi93cC1jb250ZW50L3VwbG9hZHMvcmV2c2xpZGVyL3NsaWRlci0xLzcuanBn\"\/>\n\t\t\t\t\t<\/image_lists>\n\t\t\t\t<\/sr7-module>\n\t\t\t\t<script>\n\t\t\t\t\tSR7.PMH ??={}; SR7.PMH[\"SR7_1_1\"] = {cn:100,state:false,fn: function() { if (_tpt!==undefined && _tpt.prepareModuleHeight !== undefined) {  _tpt.prepareModuleHeight({id:\"SR7_1_1\",el:[800,800,768,960,720],type:'standard',shdw:'0',gh:[800,800,427,324,200],gw:[1920,1920,1024,778,480],vpt:['-100px'],size:{fullWidth:true, fullHeight:false},mh:'0',onh:0,onw:0,bg:{color:'{\"orig\":\"transparent\",\"type\":\"solid\",\"string\":\"transparent\"}'}});   SR7.PMH[\"SR7_1_1\"].state=true;} else if(SR7.PMH[\"SR7_1_1\"].cn-->0)\tsetTimeout( SR7.PMH[\"SR7_1_1\"].fn,19);}};SR7.PMH[\"SR7_1_1\" ].fn();\n\t\t\t\t<\/script>\n<\/div><\/div><\/div><\/div><\/section><section class=\"l-section wpb_row height_small with_shape\" id=\"section-16\"><div class=\"l-section-shape type_custom pos_bottom\" style=\"height:50%;color:var(--color-content-bg-alt)\"><svg xmlns=\"http:\/\/www.w3.org\/2000\/svg\" viewBox=\"0 0 64 8\" preserveAspectRatio=\"none\" width=\"100%\" height=\"100%\">\r\n\t<path fill=\"currentColor\" d=\"M64 8 L0 8 L0 0 L64 0 Z\"\/>\r\n<\/svg><\/div><div class=\"l-section-h i-cf\"><div class=\"g-cols vc_row via_grid cols_1 laptops-cols_inherit tablets-cols_inherit mobiles-cols_1 valign_top type_default stacking_default\"><div class=\"wpb_column vc_column_container\"><div class=\"vc_column-inner\"><div class=\"g-cols wpb_row us_custom_0039e63c via_grid cols_1 laptops-cols_inherit tablets-cols_1 mobiles-cols_1 valign_middle type_default\" style=\"--columns-gap:0.9rem;\"><div class=\"wpb_column vc_column_container\"><div class=\"vc_column-inner\"><h1 class=\"w-text us_custom_d3db7169\"><span class=\"w-text-h\"><span class=\"w-text-value\">Biz Kimiz?<br \/>\nNeler Yap\u0131yoruz?<\/span><\/span><\/h1><div class=\"wpb_text_column us_custom_432d3f53\"><div class=\"wpb_wrapper\"><p data-start=\"147\" data-end=\"549\"><strong data-start=\"147\" data-end=\"180\">BT Ev \u00dcr\u00fcnleri Tic. Ltd. \u015eti.<\/strong>, mutfak e\u015fyalar\u0131ndan cam \u00fcr\u00fcnlerine, k\u00fc\u00e7\u00fck ev aletlerinden dekoratif par\u00e7alara kadar geni\u015f \u00fcr\u00fcn yelpazesiyle ya\u015fam alanlar\u0131na estetik, kalite ve i\u015flevsellik kazand\u0131rmak amac\u0131yla kurulmu\u015ftur.<br data-start=\"371\" data-end=\"374\" \/>Yeni bir marka olmas\u0131na ra\u011fmen, sekt\u00f6rdeki bilgi birikimi ve g\u00fc\u00e7l\u00fc tedarik a\u011f\u0131 sayesinde m\u00fc\u015fterilerine g\u00fcvenilir, yenilik\u00e7i ve s\u00fcrd\u00fcr\u00fclebilir \u00e7\u00f6z\u00fcmler sunmay\u0131 hedeflemektedir.<\/p>\n<p data-start=\"551\" data-end=\"855\">BT Ev \u00dcr\u00fcnleri olarak, evlerin en \u00f6zel alan\u0131 olan mutfaklarda kaliteyi ula\u015f\u0131labilir k\u0131lmak, her zevke ve ihtiyaca hitap eden modern tasar\u0131mlarla kullan\u0131c\u0131 memnuniyetini en \u00fcst seviyeye ta\u015f\u0131mak \u00f6nceli\u011fimizdir.<br data-start=\"759\" data-end=\"762\" \/>\u00dcr\u00fcnlerimiz dayan\u0131kl\u0131l\u0131k, zarafet ve pratik kullan\u0131m ilkeleri g\u00f6zetilerek titizlikle se\u00e7ilir.<\/p>\n<p data-start=\"857\" data-end=\"1076\">Kurumsal yap\u0131m\u0131z, yenilik\u00e7i yakla\u015f\u0131m\u0131m\u0131z ve m\u00fc\u015fteri odakl\u0131 hizmet anlay\u0131\u015f\u0131m\u0131zla sekt\u00f6rde kal\u0131c\u0131 bir marka de\u011feri olu\u015fturmay\u0131 ama\u00e7l\u0131yoruz.<br data-start=\"994\" data-end=\"997\" \/><strong data-start=\"997\" data-end=\"1076\">BT Ev \u00dcr\u00fcnleri Tic. Ltd. \u015eti. \u2014 Kalite, g\u00fcven ve esteti\u011fin bulu\u015fma noktas\u0131.<\/strong><\/p>\n<\/div><\/div><div class=\"w-separator size_small\"><\/div><div class=\"w-hwrapper valign_middle wrap align_center\" style=\"--hwrapper-gap:3rem\"><div class=\"w-vwrapper align_none valign_middle\"><div class=\"w-btn-wrapper default_align_none laptops_align_none tablets_align_none mobiles_align_justify\"><a class=\"w-btn us-btn-style_1 us_custom_b4198c51 open-popup\" href=\"http:\/\/www.yedekleme.site\/btev\/iletisim\/\"><span class=\"w-btn-label\">\u0130LET\u0130\u015e\u0130M<\/span><\/a><\/div><\/div><div class=\"w-vwrapper align_none valign_top\" style=\"--vwrapper-gap:0rem\"><div class=\"w-text us_custom_9de87d4e\"><span class=\"w-text-h\"><span class=\"w-text-value\">Bize Ula\u015f\u0131n!<\/span><\/span><\/div><div class=\"w-text us_custom_101494ca has_text_color\"><a href=\"tel:+905323864029\" class=\"w-text-h\"><span class=\"w-text-value\">+90 532 386 40 29<\/span><\/a><\/div><\/div><\/div><\/div><\/div><\/div><\/div><\/div><\/div><\/div><\/section><section class=\"l-section wpb_row height_small width_custom\" style=\"--site-content-width:1630px;\"><div class=\"l-section-h i-cf\"><div class=\"g-cols vc_row via_grid cols_1 laptops-cols_inherit tablets-cols_inherit mobiles-cols_1 valign_top type_default stacking_default\"><div class=\"wpb_column vc_column_container\"><div class=\"vc_column-inner\"><div class=\"w-separator us_custom_e33a8179 us_animate_this size_medium with_line width_default thick_1 style_solid color_text align_center with_text with_content\"><div class=\"w-separator-h\"><h6 class=\"w-separator-text\"><span>GALER\u0130<\/span><\/h6><\/div><\/div><div class=\"w-gallery fit_cover type_masonry action_popup_image with_isotope ratio_auto count_9\" style=\"--columns:4;--items-gap:7px;\"><div class=\"w-gallery-list\"><div class=\"w-gallery-item\"><div class=\"w-gallery-item-img\"><img loading=\"lazy\" decoding=\"async\" width=\"747\" height=\"1024\" src=\"http:\/\/www.yedekleme.site\/btev\/wp-content\/uploads\/2025\/10\/btev-2-747x1024.jpg\" class=\"attachment-large size-large\" alt=\"\" srcset=\"http:\/\/www.yedekleme.site\/btev\/wp-content\/uploads\/2025\/10\/btev-2-747x1024.jpg 747w, http:\/\/www.yedekleme.site\/btev\/wp-content\/uploads\/2025\/10\/btev-2-219x300.jpg 219w, http:\/\/www.yedekleme.site\/btev\/wp-content\/uploads\/2025\/10\/btev-2.jpg 864w\" sizes=\"auto, (max-width: 747px) 100vw, 747px\" \/><\/div><a class=\"w-gallery-item-link\" aria-label=\"btev (2)\" href=\"http:\/\/www.yedekleme.site\/btev\/wp-content\/uploads\/2025\/10\/btev-2.jpg\"><\/a><\/div><div class=\"w-gallery-item\"><div class=\"w-gallery-item-img\"><img loading=\"lazy\" decoding=\"async\" width=\"1024\" height=\"747\" src=\"http:\/\/www.yedekleme.site\/btev\/wp-content\/uploads\/2025\/10\/btev-1-1024x747.jpg\" class=\"attachment-large size-large\" alt=\"\" srcset=\"http:\/\/www.yedekleme.site\/btev\/wp-content\/uploads\/2025\/10\/btev-1-1024x747.jpg 1024w, http:\/\/www.yedekleme.site\/btev\/wp-content\/uploads\/2025\/10\/btev-1-300x219.jpg 300w, http:\/\/www.yedekleme.site\/btev\/wp-content\/uploads\/2025\/10\/btev-1.jpg 1184w\" sizes=\"auto, (max-width: 1024px) 100vw, 1024px\" \/><\/div><a class=\"w-gallery-item-link\" aria-label=\"btev (1)\" href=\"http:\/\/www.yedekleme.site\/btev\/wp-content\/uploads\/2025\/10\/btev-1.jpg\"><\/a><\/div><div class=\"w-gallery-item\"><div class=\"w-gallery-item-img\"><img loading=\"lazy\" decoding=\"async\" width=\"747\" height=\"1024\" src=\"http:\/\/www.yedekleme.site\/btev\/wp-content\/uploads\/2025\/10\/btev-9-747x1024.jpg\" class=\"attachment-large size-large\" alt=\"\" srcset=\"http:\/\/www.yedekleme.site\/btev\/wp-content\/uploads\/2025\/10\/btev-9-747x1024.jpg 747w, http:\/\/www.yedekleme.site\/btev\/wp-content\/uploads\/2025\/10\/btev-9-219x300.jpg 219w, http:\/\/www.yedekleme.site\/btev\/wp-content\/uploads\/2025\/10\/btev-9.jpg 864w\" sizes=\"auto, (max-width: 747px) 100vw, 747px\" \/><\/div><a class=\"w-gallery-item-link\" aria-label=\"btev (9)\" href=\"http:\/\/www.yedekleme.site\/btev\/wp-content\/uploads\/2025\/10\/btev-9.jpg\"><\/a><\/div><div class=\"w-gallery-item\"><div class=\"w-gallery-item-img\"><img loading=\"lazy\" decoding=\"async\" width=\"1024\" height=\"747\" src=\"http:\/\/www.yedekleme.site\/btev\/wp-content\/uploads\/2025\/10\/btev-8-1024x747.jpg\" class=\"attachment-large size-large\" alt=\"\" srcset=\"http:\/\/www.yedekleme.site\/btev\/wp-content\/uploads\/2025\/10\/btev-8-1024x747.jpg 1024w, http:\/\/www.yedekleme.site\/btev\/wp-content\/uploads\/2025\/10\/btev-8-300x219.jpg 300w, http:\/\/www.yedekleme.site\/btev\/wp-content\/uploads\/2025\/10\/btev-8.jpg 1184w\" sizes=\"auto, (max-width: 1024px) 100vw, 1024px\" \/><\/div><a class=\"w-gallery-item-link\" aria-label=\"btev (8)\" href=\"http:\/\/www.yedekleme.site\/btev\/wp-content\/uploads\/2025\/10\/btev-8.jpg\"><\/a><\/div><div class=\"w-gallery-item\"><div class=\"w-gallery-item-img\"><img loading=\"lazy\" decoding=\"async\" width=\"1024\" height=\"747\" src=\"http:\/\/www.yedekleme.site\/btev\/wp-content\/uploads\/2025\/10\/btev-7-1024x747.jpg\" class=\"attachment-large size-large\" alt=\"\" srcset=\"http:\/\/www.yedekleme.site\/btev\/wp-content\/uploads\/2025\/10\/btev-7-1024x747.jpg 1024w, http:\/\/www.yedekleme.site\/btev\/wp-content\/uploads\/2025\/10\/btev-7-300x219.jpg 300w, http:\/\/www.yedekleme.site\/btev\/wp-content\/uploads\/2025\/10\/btev-7.jpg 1184w\" sizes=\"auto, (max-width: 1024px) 100vw, 1024px\" \/><\/div><a class=\"w-gallery-item-link\" aria-label=\"btev (7)\" href=\"http:\/\/www.yedekleme.site\/btev\/wp-content\/uploads\/2025\/10\/btev-7.jpg\"><\/a><\/div><div class=\"w-gallery-item\"><div class=\"w-gallery-item-img\"><img loading=\"lazy\" decoding=\"async\" width=\"585\" height=\"1024\" src=\"http:\/\/www.yedekleme.site\/btev\/wp-content\/uploads\/2025\/10\/btev-6-585x1024.jpg\" class=\"attachment-large size-large\" alt=\"\" srcset=\"http:\/\/www.yedekleme.site\/btev\/wp-content\/uploads\/2025\/10\/btev-6-585x1024.jpg 585w, http:\/\/www.yedekleme.site\/btev\/wp-content\/uploads\/2025\/10\/btev-6-171x300.jpg 171w, http:\/\/www.yedekleme.site\/btev\/wp-content\/uploads\/2025\/10\/btev-6.jpg 768w\" sizes=\"auto, (max-width: 585px) 100vw, 585px\" \/><\/div><a class=\"w-gallery-item-link\" aria-label=\"btev (6)\" href=\"http:\/\/www.yedekleme.site\/btev\/wp-content\/uploads\/2025\/10\/btev-6.jpg\"><\/a><\/div><div class=\"w-gallery-item\"><div class=\"w-gallery-item-img\"><img loading=\"lazy\" decoding=\"async\" width=\"1024\" height=\"848\" src=\"http:\/\/www.yedekleme.site\/btev\/wp-content\/uploads\/2025\/10\/btev-5-1024x848.jpg\" class=\"attachment-large size-large\" alt=\"\" srcset=\"http:\/\/www.yedekleme.site\/btev\/wp-content\/uploads\/2025\/10\/btev-5-1024x848.jpg 1024w, http:\/\/www.yedekleme.site\/btev\/wp-content\/uploads\/2025\/10\/btev-5-300x249.jpg 300w, http:\/\/www.yedekleme.site\/btev\/wp-content\/uploads\/2025\/10\/btev-5.jpg 1120w\" sizes=\"auto, (max-width: 1024px) 100vw, 1024px\" \/><\/div><a class=\"w-gallery-item-link\" aria-label=\"btev (5)\" href=\"http:\/\/www.yedekleme.site\/btev\/wp-content\/uploads\/2025\/10\/btev-5.jpg\"><\/a><\/div><div class=\"w-gallery-item\"><div class=\"w-gallery-item-img\"><img loading=\"lazy\" decoding=\"async\" width=\"1024\" height=\"962\" src=\"http:\/\/www.yedekleme.site\/btev\/wp-content\/uploads\/2025\/10\/btev-4-1024x962.jpg\" class=\"attachment-large size-large\" alt=\"\" srcset=\"http:\/\/www.yedekleme.site\/btev\/wp-content\/uploads\/2025\/10\/btev-4-1024x962.jpg 1024w, http:\/\/www.yedekleme.site\/btev\/wp-content\/uploads\/2025\/10\/btev-4-300x282.jpg 300w, http:\/\/www.yedekleme.site\/btev\/wp-content\/uploads\/2025\/10\/btev-4.jpg 1056w\" sizes=\"auto, (max-width: 1024px) 100vw, 1024px\" \/><\/div><a class=\"w-gallery-item-link\" aria-label=\"btev (4)\" href=\"http:\/\/www.yedekleme.site\/btev\/wp-content\/uploads\/2025\/10\/btev-4.jpg\"><\/a><\/div><div class=\"w-gallery-item\"><div class=\"w-gallery-item-img\"><img loading=\"lazy\" decoding=\"async\" width=\"747\" height=\"1024\" src=\"http:\/\/www.yedekleme.site\/btev\/wp-content\/uploads\/2025\/10\/btev-3-747x1024.jpg\" class=\"attachment-large size-large\" alt=\"\" srcset=\"http:\/\/www.yedekleme.site\/btev\/wp-content\/uploads\/2025\/10\/btev-3-747x1024.jpg 747w, http:\/\/www.yedekleme.site\/btev\/wp-content\/uploads\/2025\/10\/btev-3-219x300.jpg 219w, http:\/\/www.yedekleme.site\/btev\/wp-content\/uploads\/2025\/10\/btev-3.jpg 864w\" sizes=\"auto, (max-width: 747px) 100vw, 747px\" \/><\/div><a class=\"w-gallery-item-link\" aria-label=\"btev (3)\" href=\"http:\/\/www.yedekleme.site\/btev\/wp-content\/uploads\/2025\/10\/btev-3.jpg\"><\/a><\/div><\/div><\/div><\/div><\/div><\/div><\/div><\/section>\n","protected":false},"excerpt":{"rendered":"Biz Kimiz? Neler Yap\u0131yoruz? BT Ev \u00dcr\u00fcnleri Tic. Ltd. \u015eti., mutfak e\u015fyalar\u0131ndan cam \u00fcr\u00fcnlerine, k\u00fc\u00e7\u00fck ev aletlerinden dekoratif par\u00e7alara kadar geni\u015f \u00fcr\u00fcn yelpazesiyle ya\u015fam alanlar\u0131na estetik, kalite ve i\u015flevsellik kazand\u0131rmak amac\u0131yla kurulmu\u015ftur.Yeni bir marka olmas\u0131na ra\u011fmen, sekt\u00f6rdeki bilgi birikimi ve g\u00fc\u00e7l\u00fc tedarik a\u011f\u0131 sayesinde m\u00fc\u015fterilerine g\u00fcvenilir, yenilik\u00e7i ve s\u00fcrd\u00fcr\u00fclebilir \u00e7\u00f6z\u00fcmler sunmay\u0131 hedeflemektedir. BT Ev \u00dcr\u00fcnleri...","protected":false},"author":1,"featured_media":0,"parent":0,"menu_order":0,"comment_status":"closed","ping_status":"closed","template":"","meta":{"footnotes":""},"class_list":["post-19","page","type-page","status-publish","hentry"],"_links":{"self":[{"href":"http:\/\/www.yedekleme.site\/btev\/wp-json\/wp\/v2\/pages\/19","targetHints":{"allow":["GET"]}}],"collection":[{"href":"http:\/\/www.yedekleme.site\/btev\/wp-json\/wp\/v2\/pages"}],"about":[{"href":"http:\/\/www.yedekleme.site\/btev\/wp-json\/wp\/v2\/types\/page"}],"author":[{"embeddable":true,"href":"http:\/\/www.yedekleme.site\/btev\/wp-json\/wp\/v2\/users\/1"}],"replies":[{"embeddable":true,"href":"http:\/\/www.yedekleme.site\/btev\/wp-json\/wp\/v2\/comments?post=19"}],"version-history":[{"count":0,"href":"http:\/\/www.yedekleme.site\/btev\/wp-json\/wp\/v2\/pages\/19\/revisions"}],"wp:attachment":[{"href":"http:\/\/www.yedekleme.site\/btev\/wp-json\/wp\/v2\/media?parent=19"}],"curies":[{"name":"wp","href":"https:\/\/api.w.org\/{rel}","templated":true}]}}