{"id":21,"date":"2025-10-20T08:39:14","date_gmt":"2025-10-20T08:39:14","guid":{"rendered":"https:\/\/shinepilatesstudio.com.tr\/?page_id=17"},"modified":"2025-10-20T08:39:14","modified_gmt":"2025-10-20T08:39:14","slug":"iletisim","status":"publish","type":"page","link":"http:\/\/www.yedekleme.site\/btev\/iletisim\/","title":{"rendered":"\u0130LET\u0130\u015e\u0130M"},"content":{"rendered":"<section class=\"l-section wpb_row height_small width_custom\" style=\"--site-content-width:1490px;\" id=\"section-16\"><div class=\"l-section-h i-cf\"><div class=\"g-cols vc_row via_grid cols_1 laptops-cols_inherit tablets-cols_1 mobiles-cols_1 valign_middle type_default stacking_default\" style=\"--columns-gap:0rem;\"><div class=\"wpb_column vc_column_container\"><div class=\"vc_column-inner\"><div class=\"wpb_text_column\"><div class=\"wpb_wrapper\"><p><iframe loading=\"lazy\" style=\"border: 0;\" src=\"https:\/\/www.google.com\/maps\/embed?pb=!1m18!1m12!1m3!1d3008.155545376377!2d28.8315389!3d41.06559250000001!2m3!1f0!2f0!3f0!3m2!1i1024!2i768!4f13.1!3m3!1m2!1s0x14caa5669428ff93%3A0xfb7a79d63899d383!2zw5Zrc8O8em_En3VsbGFyxLEgUGxhemE!5e0!3m2!1str!2str!4v1761033109719!5m2!1str!2str\" width=\"2600\" height=\"400\" allowfullscreen=\"allowfullscreen\"><\/iframe><\/p>\n<\/div><\/div><\/div><\/div><div class=\"wpb_column vc_column_container us_custom_75c2742e has_bg_color\"><div class=\"vc_column-inner\"><div class=\"w-text us_custom_73ad6952\"><span class=\"w-text-h\"><span class=\"w-text-value\">BT EV \u00dcR\u00dcNLER\u0130 T\u0130C. LTD. \u015eT\u0130.<\/span><\/span><\/div><div class=\"w-separator size_small with_line width_default thick_1 style_solid color_text align_center\"><div class=\"w-separator-h\"><\/div><\/div><h6 class=\"w-text us_custom_664226d0 icon_atleft\"><span class=\"w-text-h\"><i class=\"fas fa-map-marker\"><\/i><span class=\"w-text-value\">Mahmutbey Mah. 2413. Sk. \u00d6ks\u00fczo\u011fullar\u0131 Plaza Sitesi E1 Blok No:5 \/ 73 Ba\u011fc\u0131lar-\u0130stanbul<\/span><\/span><\/h6><h4 class=\"w-text us_custom_aa1aee10 icon_atleft\"><a href=\"tel:0 534 857 12 38\" class=\"w-text-h\"><i class=\"fas fa-phone\"><\/i><span class=\"w-text-value\">0 534 857 12 38<\/span><\/a><\/h4><h4 class=\"w-text us_custom_aa1aee10 icon_atleft\"><a href=\"mailto:info@yedekleme.site\" class=\"w-text-h\"><i class=\"fas fa-envelope\"><\/i><span class=\"w-text-value\">info@yedekleme.site<\/span><\/a><\/h4><\/div><\/div><\/div><\/div><\/section>\n","protected":false},"excerpt":{"rendered":"BT EV \u00dcR\u00dcNLER\u0130 T\u0130C. LTD. \u015eT\u0130.Mahmutbey Mah. 2413. Sk. \u00d6ks\u00fczo\u011fullar\u0131 Plaza Sitesi E1 Blok No:5 \/ 73 Ba\u011fc\u0131lar-\u0130stanbul0 534 857 12 38info@yedekleme.site","protected":false},"author":1,"featured_media":0,"parent":0,"menu_order":0,"comment_status":"closed","ping_status":"closed","template":"","meta":{"footnotes":""},"class_list":["post-21","page","type-page","status-publish","hentry"],"_links":{"self":[{"href":"http:\/\/www.yedekleme.site\/btev\/wp-json\/wp\/v2\/pages\/21","targetHints":{"allow":["GET"]}}],"collection":[{"href":"http:\/\/www.yedekleme.site\/btev\/wp-json\/wp\/v2\/pages"}],"about":[{"href":"http:\/\/www.yedekleme.site\/btev\/wp-json\/wp\/v2\/types\/page"}],"author":[{"embeddable":true,"href":"http:\/\/www.yedekleme.site\/btev\/wp-json\/wp\/v2\/users\/1"}],"replies":[{"embeddable":true,"href":"http:\/\/www.yedekleme.site\/btev\/wp-json\/wp\/v2\/comments?post=21"}],"version-history":[{"count":0,"href":"http:\/\/www.yedekleme.site\/btev\/wp-json\/wp\/v2\/pages\/21\/revisions"}],"wp:attachment":[{"href":"http:\/\/www.yedekleme.site\/btev\/wp-json\/wp\/v2\/media?parent=21"}],"curies":[{"name":"wp","href":"https:\/\/api.w.org\/{rel}","templated":true}]}}