{"id":22,"date":"2025-10-20T08:39:31","date_gmt":"2025-10-20T08:39:31","guid":{"rendered":"https:\/\/shinepilatesstudio.com.tr\/?page_id=22"},"modified":"2025-10-20T08:39:31","modified_gmt":"2025-10-20T08:39:31","slug":"hizmetlerimiz","status":"publish","type":"page","link":"http:\/\/www.yedekleme.site\/btev\/hizmetlerimiz\/","title":{"rendered":"\u00dcR\u00dcNLER\u0130M\u0130Z"},"content":{"rendered":"<section class=\"l-section wpb_row height_small width_custom\" style=\"--site-content-width:1630px;\"><div class=\"l-section-h i-cf\"><div class=\"g-cols vc_row via_grid cols_1 laptops-cols_inherit tablets-cols_inherit mobiles-cols_1 valign_top type_default stacking_default\"><div class=\"wpb_column vc_column_container\"><div class=\"vc_column-inner\"><div class=\"w-gallery fit_cover type_metro_2 action_popup_image ratio_4x3 count_9\" style=\"--columns:4;--items-gap:14px;\"><div class=\"w-gallery-list\"><div class=\"w-gallery-item\"><div class=\"w-gallery-item-img\"><img loading=\"lazy\" decoding=\"async\" width=\"1184\" height=\"864\" src=\"http:\/\/www.yedekleme.site\/btev\/wp-content\/uploads\/2025\/10\/btev-1.jpg\" class=\"attachment-full size-full\" alt=\"\" srcset=\"http:\/\/www.yedekleme.site\/btev\/wp-content\/uploads\/2025\/10\/btev-1.jpg 1184w, http:\/\/www.yedekleme.site\/btev\/wp-content\/uploads\/2025\/10\/btev-1-300x219.jpg 300w, http:\/\/www.yedekleme.site\/btev\/wp-content\/uploads\/2025\/10\/btev-1-1024x747.jpg 1024w\" sizes=\"auto, (max-width: 1184px) 100vw, 1184px\" \/><\/div><a class=\"w-gallery-item-link\" aria-label=\"btev (1)\" href=\"http:\/\/www.yedekleme.site\/btev\/wp-content\/uploads\/2025\/10\/btev-1.jpg\"><\/a><\/div><div class=\"w-gallery-item\"><div class=\"w-gallery-item-img\"><img loading=\"lazy\" decoding=\"async\" width=\"864\" height=\"1184\" src=\"http:\/\/www.yedekleme.site\/btev\/wp-content\/uploads\/2025\/10\/btev-2.jpg\" class=\"attachment-full size-full\" alt=\"\" srcset=\"http:\/\/www.yedekleme.site\/btev\/wp-content\/uploads\/2025\/10\/btev-2.jpg 864w, http:\/\/www.yedekleme.site\/btev\/wp-content\/uploads\/2025\/10\/btev-2-219x300.jpg 219w, http:\/\/www.yedekleme.site\/btev\/wp-content\/uploads\/2025\/10\/btev-2-747x1024.jpg 747w\" sizes=\"auto, (max-width: 864px) 100vw, 864px\" \/><\/div><a class=\"w-gallery-item-link\" aria-label=\"btev (2)\" href=\"http:\/\/www.yedekleme.site\/btev\/wp-content\/uploads\/2025\/10\/btev-2.jpg\"><\/a><\/div><div class=\"w-gallery-item\"><div class=\"w-gallery-item-img\"><img loading=\"lazy\" decoding=\"async\" width=\"864\" height=\"1184\" src=\"http:\/\/www.yedekleme.site\/btev\/wp-content\/uploads\/2025\/10\/btev-9.jpg\" class=\"attachment-full size-full\" alt=\"\" srcset=\"http:\/\/www.yedekleme.site\/btev\/wp-content\/uploads\/2025\/10\/btev-9.jpg 864w, http:\/\/www.yedekleme.site\/btev\/wp-content\/uploads\/2025\/10\/btev-9-219x300.jpg 219w, http:\/\/www.yedekleme.site\/btev\/wp-content\/uploads\/2025\/10\/btev-9-747x1024.jpg 747w\" sizes=\"auto, (max-width: 864px) 100vw, 864px\" \/><\/div><a class=\"w-gallery-item-link\" aria-label=\"btev (9)\" href=\"http:\/\/www.yedekleme.site\/btev\/wp-content\/uploads\/2025\/10\/btev-9.jpg\"><\/a><\/div><div class=\"w-gallery-item\"><div class=\"w-gallery-item-img\"><img loading=\"lazy\" decoding=\"async\" width=\"1184\" height=\"864\" src=\"http:\/\/www.yedekleme.site\/btev\/wp-content\/uploads\/2025\/10\/btev-7.jpg\" class=\"attachment-full size-full\" alt=\"\" srcset=\"http:\/\/www.yedekleme.site\/btev\/wp-content\/uploads\/2025\/10\/btev-7.jpg 1184w, http:\/\/www.yedekleme.site\/btev\/wp-content\/uploads\/2025\/10\/btev-7-300x219.jpg 300w, http:\/\/www.yedekleme.site\/btev\/wp-content\/uploads\/2025\/10\/btev-7-1024x747.jpg 1024w\" sizes=\"auto, (max-width: 1184px) 100vw, 1184px\" \/><\/div><a class=\"w-gallery-item-link\" aria-label=\"btev (7)\" href=\"http:\/\/www.yedekleme.site\/btev\/wp-content\/uploads\/2025\/10\/btev-7.jpg\"><\/a><\/div><div class=\"w-gallery-item\"><div class=\"w-gallery-item-img\"><img loading=\"lazy\" decoding=\"async\" width=\"1184\" height=\"864\" src=\"http:\/\/www.yedekleme.site\/btev\/wp-content\/uploads\/2025\/10\/btev-8.jpg\" class=\"attachment-full size-full\" alt=\"\" srcset=\"http:\/\/www.yedekleme.site\/btev\/wp-content\/uploads\/2025\/10\/btev-8.jpg 1184w, http:\/\/www.yedekleme.site\/btev\/wp-content\/uploads\/2025\/10\/btev-8-300x219.jpg 300w, http:\/\/www.yedekleme.site\/btev\/wp-content\/uploads\/2025\/10\/btev-8-1024x747.jpg 1024w\" sizes=\"auto, (max-width: 1184px) 100vw, 1184px\" \/><\/div><a class=\"w-gallery-item-link\" aria-label=\"btev (8)\" href=\"http:\/\/www.yedekleme.site\/btev\/wp-content\/uploads\/2025\/10\/btev-8.jpg\"><\/a><\/div><div class=\"w-gallery-item\"><div class=\"w-gallery-item-img\"><img loading=\"lazy\" decoding=\"async\" width=\"1120\" height=\"928\" src=\"http:\/\/www.yedekleme.site\/btev\/wp-content\/uploads\/2025\/10\/btev-5.jpg\" class=\"attachment-full size-full\" alt=\"\" srcset=\"http:\/\/www.yedekleme.site\/btev\/wp-content\/uploads\/2025\/10\/btev-5.jpg 1120w, http:\/\/www.yedekleme.site\/btev\/wp-content\/uploads\/2025\/10\/btev-5-300x249.jpg 300w, http:\/\/www.yedekleme.site\/btev\/wp-content\/uploads\/2025\/10\/btev-5-1024x848.jpg 1024w\" sizes=\"auto, (max-width: 1120px) 100vw, 1120px\" \/><\/div><a class=\"w-gallery-item-link\" aria-label=\"btev (5)\" href=\"http:\/\/www.yedekleme.site\/btev\/wp-content\/uploads\/2025\/10\/btev-5.jpg\"><\/a><\/div><div class=\"w-gallery-item\"><div class=\"w-gallery-item-img\"><img loading=\"lazy\" decoding=\"async\" width=\"768\" height=\"1344\" src=\"http:\/\/www.yedekleme.site\/btev\/wp-content\/uploads\/2025\/10\/btev-6.jpg\" class=\"attachment-full size-full\" alt=\"\" srcset=\"http:\/\/www.yedekleme.site\/btev\/wp-content\/uploads\/2025\/10\/btev-6.jpg 768w, http:\/\/www.yedekleme.site\/btev\/wp-content\/uploads\/2025\/10\/btev-6-171x300.jpg 171w, http:\/\/www.yedekleme.site\/btev\/wp-content\/uploads\/2025\/10\/btev-6-585x1024.jpg 585w\" sizes=\"auto, (max-width: 768px) 100vw, 768px\" \/><\/div><a class=\"w-gallery-item-link\" aria-label=\"btev (6)\" href=\"http:\/\/www.yedekleme.site\/btev\/wp-content\/uploads\/2025\/10\/btev-6.jpg\"><\/a><\/div><div class=\"w-gallery-item\"><div class=\"w-gallery-item-img\"><img loading=\"lazy\" decoding=\"async\" width=\"864\" height=\"1184\" src=\"http:\/\/www.yedekleme.site\/btev\/wp-content\/uploads\/2025\/10\/btev-3.jpg\" class=\"attachment-full size-full\" alt=\"\" srcset=\"http:\/\/www.yedekleme.site\/btev\/wp-content\/uploads\/2025\/10\/btev-3.jpg 864w, http:\/\/www.yedekleme.site\/btev\/wp-content\/uploads\/2025\/10\/btev-3-219x300.jpg 219w, http:\/\/www.yedekleme.site\/btev\/wp-content\/uploads\/2025\/10\/btev-3-747x1024.jpg 747w\" sizes=\"auto, (max-width: 864px) 100vw, 864px\" \/><\/div><a class=\"w-gallery-item-link\" aria-label=\"btev (3)\" href=\"http:\/\/www.yedekleme.site\/btev\/wp-content\/uploads\/2025\/10\/btev-3.jpg\"><\/a><\/div><div class=\"w-gallery-item\"><div class=\"w-gallery-item-img\"><img loading=\"lazy\" decoding=\"async\" width=\"1056\" height=\"992\" src=\"http:\/\/www.yedekleme.site\/btev\/wp-content\/uploads\/2025\/10\/btev-4.jpg\" class=\"attachment-full size-full\" alt=\"\" srcset=\"http:\/\/www.yedekleme.site\/btev\/wp-content\/uploads\/2025\/10\/btev-4.jpg 1056w, http:\/\/www.yedekleme.site\/btev\/wp-content\/uploads\/2025\/10\/btev-4-300x282.jpg 300w, http:\/\/www.yedekleme.site\/btev\/wp-content\/uploads\/2025\/10\/btev-4-1024x962.jpg 1024w\" sizes=\"auto, (max-width: 1056px) 100vw, 1056px\" \/><\/div><a class=\"w-gallery-item-link\" aria-label=\"btev (4)\" href=\"http:\/\/www.yedekleme.site\/btev\/wp-content\/uploads\/2025\/10\/btev-4.jpg\"><\/a><\/div><\/div><\/div><\/div><\/div><\/div><\/div><\/section>\n","protected":false},"excerpt":{"rendered":"","protected":false},"author":1,"featured_media":0,"parent":0,"menu_order":0,"comment_status":"closed","ping_status":"closed","template":"","meta":{"footnotes":""},"class_list":["post-22","page","type-page","status-publish","hentry"],"_links":{"self":[{"href":"http:\/\/www.yedekleme.site\/btev\/wp-json\/wp\/v2\/pages\/22","targetHints":{"allow":["GET"]}}],"collection":[{"href":"http:\/\/www.yedekleme.site\/btev\/wp-json\/wp\/v2\/pages"}],"about":[{"href":"http:\/\/www.yedekleme.site\/btev\/wp-json\/wp\/v2\/types\/page"}],"author":[{"embeddable":true,"href":"http:\/\/www.yedekleme.site\/btev\/wp-json\/wp\/v2\/users\/1"}],"replies":[{"embeddable":true,"href":"http:\/\/www.yedekleme.site\/btev\/wp-json\/wp\/v2\/comments?post=22"}],"version-history":[{"count":0,"href":"http:\/\/www.yedekleme.site\/btev\/wp-json\/wp\/v2\/pages\/22\/revisions"}],"wp:attachment":[{"href":"http:\/\/www.yedekleme.site\/btev\/wp-json\/wp\/v2\/media?parent=22"}],"curies":[{"name":"wp","href":"https:\/\/api.w.org\/{rel}","templated":true}]}}